{"id":1269,"date":"2022-11-14T10:09:17","date_gmt":"2022-11-14T08:09:17","guid":{"rendered":"https:\/\/beta.stmartinikindergarten.org.za\/?page_id=1269"},"modified":"2022-11-15T10:32:03","modified_gmt":"2022-11-15T08:32:03","slug":"datenschutzbestimmung","status":"publish","type":"page","link":"https:\/\/www.stmartinikindergarten.org.za\/de\/datenschutzbestimmung\/","title":{"rendered":"Datenschutzbestimmung"},"content":{"rendered":"<h2>Die allgemeinen Grunds\u00e4tze unserer Datenschutzbestimmung<\/h2>\n<ol>\n<li>\n<p id=\"tw-target-text\" class=\"tw-data-text tw-text-large tw-ta\" dir=\"ltr\" data-placeholder=\"\u00dcbersetzung\"><span class=\"Y2IQFc\" lang=\"de\">Der Zweck dieser Datenschutzerkl\u00e4rung besteht darin, darzulegen, wie wir Ihre personenbezogenen Daten erfassen, verwenden, weitergeben und anderweitig verarbeiten, wenn Sie diese Website nutzen, sich online f\u00fcr SMPPS-Produkte oder -Dienstleistungen registrieren oder bewerben oder wenn Sie uns elektronisch kontaktieren.<\/span><\/p>\n<\/li>\n<li>\n<p id=\"tw-target-text\" class=\"tw-data-text tw-text-large tw-ta\" dir=\"ltr\" data-placeholder=\"\u00dcbersetzung\"><span class=\"Y2IQFc\" lang=\"de\">Wenn Sie mit uns in Kontakt treten, vertrauen Sie uns personenbezogene Daten \u00fcber sich und Ihre Angeh\u00f6rigen an.<\/span><\/p>\n<\/li>\n<li>\n<p id=\"tw-target-text\" class=\"tw-data-text tw-text-large tw-ta\" dir=\"ltr\" data-placeholder=\"\u00dcbersetzung\"><span class=\"Y2IQFc\" lang=\"de\">Sie haben das Recht, der Verarbeitung Ihrer personenbezogenen Daten zu widersprechen. Es ist freiwillig, diese Bedingungen zu akzeptieren. Wir ben\u00f6tigen jedoch Ihre Zustimmung, um Ihnen die Nutzung dieser Website zu erm\u00f6glichen und Ihnen Dienstleistungen wie die Aktivierung und Wartung Ihrer Police und Leistungen, sofern zutreffend, bereitzustellen.<\/span><\/p>\n<\/li>\n<li>Wie wir Ihre pers\u00f6nlichen Daten sammeln:\n<ol>\n<li>\n<p id=\"tw-target-text\" class=\"tw-data-text tw-text-large tw-ta\" dir=\"ltr\" data-placeholder=\"\u00dcbersetzung\"><span class=\"Y2IQFc\" lang=\"de\">Wann immer Sie die Website nutzen, ein Antragsformular ausf\u00fcllen, SMPPS elektronisch kontaktieren oder eines der von SMPPS auf der Website angebotenen Produkte, Dienstleistungen, Einrichtungen, Tools oder Dienstprogramme verwenden, erfassen wir Ihre personenbezogenen Daten.<\/span><\/p>\n<\/li>\n<li>\n<p id=\"tw-target-text\" class=\"tw-data-text tw-text-large tw-ta\" dir=\"ltr\" data-placeholder=\"\u00dcbersetzung\"><span class=\"Y2IQFc\" lang=\"de\">M\u00f6glicherweise haben wir Ihre Informationen aus anderen Quellen gesammelt. Wenn Sie Ihre personenbezogenen Daten an Dritte weitergeben, haften wir nicht f\u00fcr Verluste, die Ihnen, Ihren Angeh\u00f6rigen, Ihren Beg\u00fcnstigten, Ihrem Ehepartner oder Ihren Mitarbeitern entstehen.<\/span><\/p>\n<\/li>\n<li>\n<p id=\"tw-target-text\" class=\"tw-data-text tw-text-large tw-ta\" dir=\"ltr\" data-placeholder=\"\u00dcbersetzung\"><span class=\"Y2IQFc\" lang=\"de\">Sie verstehen, dass wir, wenn Sie Ihren Ehepartner und Ihre Angeh\u00f6rigen auf dieser Website oder in der d6 Communicator-Anwendung einbeziehen, ihre personenbezogenen Daten in \u00dcbereinstimmung mit den Gesch\u00e4ftsbedingungen dieser Website und\/oder zur Aktivierung einer Police oder eines Vorteils und zur Verfolgung ihrer personenbezogenen Daten verarbeiten berechtigtes Interesse. Wir werden ihre Informationen au\u00dferdem f\u00fcr die in dieser Datenschutzerkl\u00e4rung dargelegten Zwecke verarbeiten.<\/span><\/p>\n<\/li>\n<li>\n<p id=\"tw-target-text\" class=\"tw-data-text tw-text-large tw-ta\" dir=\"ltr\" data-placeholder=\"\u00dcbersetzung\"><span class=\"Y2IQFc\" lang=\"de\">Wenn Sie die Einwilligung f\u00fcr eine Person unter 18 Jahren (Minderj\u00e4hrige) erteilen, best\u00e4tigen Sie, dass Sie eine kompetente Person sind und dass Sie befugt sind, deren Einwilligung zu erteilen.<\/span><\/p>\n<\/li>\n<\/ol>\n<\/li>\n<\/ol>\n<h2>Sammeln, Teilen und Verwenden von personenbezogenen Daten<\/h2>\n<ol>\n<li>\n<p id=\"tw-target-text\" class=\"tw-data-text tw-text-large tw-ta\" dir=\"ltr\" data-placeholder=\"\u00dcbersetzung\"><span class=\"Y2IQFc\" lang=\"de\">Sie stimmen zu, dass wir Ihre personenbezogenen Daten f\u00fcr alle Zwecke verarbeiten d\u00fcrfen, die sich auf die Website und die auf der Website angebotenen Produkte, Dienstleistungen, Einrichtungen, Tools oder Dienstprogramme beziehen, so informativ und erfolgreich wie m\u00f6glich, es f\u00fcr SMPPS erforderlich ist, genau herauszufinden, was Sie tun brauchen und wollen.<\/span><\/p>\n<\/li>\n<li>\n<p id=\"tw-target-text\" class=\"tw-data-text tw-text-large tw-ta\" dir=\"ltr\" data-placeholder=\"\u00dcbersetzung\"><span class=\"Y2IQFc\" lang=\"de\">Wo zutreffend und soweit angemessen, best\u00e4tigen Sie, dass wir Ihre personenbezogenen Daten innerhalb unserer eigenen Gruppe von ECD-Zentren f\u00fcr Folgendes weitergeben d\u00fcrfen:<\/span><\/p>\n<ol>\n<li>Administration<\/li>\n<li>Die Bereitstellung von SMPPS-Diensten, Leistungen und Infrastruktur, um Sie bei Ihrem Streben nach hochwertiger fr\u00fchkindlicher Entwicklung zu unterst\u00fctzen.<\/li>\n<\/ol>\n<\/li>\n<li>\n<p id=\"tw-target-text\" class=\"tw-data-text tw-text-large tw-ta\" dir=\"ltr\" data-placeholder=\"\u00dcbersetzung\"><span class=\"Y2IQFc\" lang=\"de\">Sie best\u00e4tigen auch, dass wir alle Ihre personenbezogenen Daten f\u00fcr einen oder mehrere der folgenden Zwecke weitergeben und kombinieren d\u00fcrfen:<\/span><\/p>\n<ol>\n<li>Marktforschung, statistischer and akademischer Forschung.<\/li>\n<li>Um das Lernen und die Entwicklung eines jeden Kindes entsprechend seiner pers\u00f6nlichen Bed\u00fcrfnisse effektiv zu gestalten.<\/li>\n<\/ol>\n<\/li>\n<li>\n<p id=\"tw-target-text\" class=\"tw-data-text tw-text-large tw-ta\" dir=\"ltr\" data-placeholder=\"\u00dcbersetzung\"><span class=\"Y2IQFc\" lang=\"de\">Ihre Privatsph\u00e4re ist uns wichtig und wir werden Ihre personenbezogenen Daten daher ohne Ihre Zustimmung nicht an unbefugte Dritte zur unabh\u00e4ngigen Nutzung verkaufen, vermieten oder weitergeben.<\/span><\/p>\n<\/li>\n<li>\n<p id=\"tw-target-text\" class=\"tw-data-text tw-text-large tw-ta\" dir=\"ltr\" data-placeholder=\"\u00dcbersetzung\"><span class=\"Y2IQFc\" lang=\"de\">Sie stimmen zu, dass wir Ihre personenbezogenen Daten au\u00dferhalb von S\u00fcdafrika \u00fcbertragen d\u00fcrfen:<\/span><\/p>\n<ol>\n<li>Wenn Sie uns eine Email-Adresse oder Anschrift mitteilen, die au\u00dferhalb S\u00fcdafrikas gehostet wird.<\/li>\n<li>Wenn wir die entsprechende Erlaubnis f\u00fcr eine vorherige Verarbeitung einholen.<\/li>\n<li>Wir stellen sicher, dass alle L\u00e4nder, Unternehmen oder Personen, an die wir Ihre personenbezogenen Daten weitergeben, sich bereit erkl\u00e4ren, Ihre Daten mit dem selben Schutzniveau zu behandeln, zu dem wir verpflichtet sind.<\/li>\n<\/ol>\n<\/li>\n<li>\n<p id=\"tw-target-text\" class=\"tw-data-text tw-text-large tw-ta\" dir=\"ltr\" data-placeholder=\"\u00dcbersetzung\"><span class=\"Y2IQFc\" lang=\"de\">Sie stimmen zu, dass wir mit Ihnen elektronisch kommunizieren d\u00fcrfen.<\/span><\/p>\n<\/li>\n<li>\n<p id=\"tw-target-text\" class=\"tw-data-text tw-text-large tw-ta\" dir=\"ltr\" data-placeholder=\"\u00dcbersetzung\"><span class=\"Y2IQFc\" lang=\"de\">Wir k\u00f6nnen Ihre Informationen mit automatisierten Mitteln (ohne menschliches Eingreifen in den Entscheidungsprozess) verarbeiten, um eine Entscheidung \u00fcber Sie oder die Anwendung von d6 Communicator f\u00fcr ein Produkt oder eine Dienstleistung zu treffen. Sie k\u00f6nnen die \u00fcber Sie getroffene Entscheidung hinterfragen.<\/span><\/p>\n<\/li>\n<li>\n<p id=\"tw-target-text\" class=\"tw-data-text tw-text-large tw-ta\" dir=\"ltr\" data-placeholder=\"\u00dcbersetzung\"><span class=\"Y2IQFc\" lang=\"de\">Bitte teilen Sie uns mit, wenn Sie kein direktes Telefonmarketing von uns erhalten m\u00f6chten.<\/span><\/p>\n<\/li>\n<li>\n<p id=\"tw-target-text\" class=\"tw-data-text tw-text-large tw-ta\" dir=\"ltr\" data-placeholder=\"\u00dcbersetzung\"><span class=\"Y2IQFc\" lang=\"de\">Bitte teilen Sie uns auch mit, wenn Sie keine direkte elektronische Werbung von uns erhalten m\u00f6chten. Wir speichern Ihre personenbezogenen Daten zum Zwecke der Bearbeitung dieser Anfrage und bearbeiten sie so schnell wie m\u00f6glich.<\/span><\/p>\n<\/li>\n<\/ol>\n<h2>Standortdaten<\/h2>\n<ol>\n<li>\n<p id=\"tw-target-text\" class=\"tw-data-text tw-text-large tw-ta\" dir=\"ltr\" data-placeholder=\"\u00dcbersetzung\"><span class=\"Y2IQFc\" lang=\"de\">Sobald Sie der Website Zugriff auf Ihren Standort gew\u00e4hrt haben, erfassen wir den Breiten- und L\u00e4ngengrad Ihres Ger\u00e4ts\/Ihrer Ger\u00e4te sowie Informationen zu Ihrer Bewegung. Ihr Standort kann wie folgt bestimmt werden:<\/span><\/p>\n<ol>\n<li>GPS<\/li>\n<li>IP Adresse.<\/li>\n<li>Sensordaten von Ihren Ger\u00e4ten.<\/li>\n<li>Mobilfunkmasten und Bluetooth-f\u00e4hige Ger\u00e4te in der N\u00e4he Ihres Ger\u00e4ts.<\/li>\n<\/ol>\n<\/li>\n<li>\n<p id=\"tw-target-text\" class=\"tw-data-text tw-text-large tw-ta\" dir=\"ltr\" data-placeholder=\"\u00dcbersetzung\"><span class=\"Y2IQFc\" lang=\"de\">Wenn Sie nicht l\u00e4nger m\u00f6chten, dass wir Standortdaten erheben, k\u00f6nnen Sie Ihre Ger\u00e4teeinstellungen anpassen. Dies wirkt sich auf bestimmte Funktionen der Website aus, z. B. die M\u00f6glichkeit, Sie im Notfall zu lokalisieren.<\/span><\/p>\n<\/li>\n<\/ol>\n<h2>Schutz Ihrer pers\u00f6nlichen Daten<\/h2>\n<ol>\n<li>\n<p id=\"tw-target-text\" class=\"tw-data-text tw-text-large tw-ta\" dir=\"ltr\" data-placeholder=\"\u00dcbersetzung\"><span class=\"Y2IQFc\" lang=\"de\">SMPPS sch\u00e4tzt die Informationen, die Sie zur Verf\u00fcgung stellen, und ergreift angemessene, angemessene technische und organisatorische Ma\u00dfnahmen, um Ihre personenbezogenen Daten vor Verlust, Missbrauch oder unbefugter \u00c4nderung zu sch\u00fctzen.<\/span><\/p>\n<\/li>\n<li>\n<p id=\"tw-target-text\" class=\"tw-data-text tw-text-large tw-ta\" dir=\"ltr\" data-placeholder=\"\u00dcbersetzung\"><span class=\"Y2IQFc\" lang=\"de\">Die Informationen, die SMPPS \u00fcber unsere betroffenen Personen hat, werden in Cloud-basierten, passwortgesch\u00fctzten Datenbanken gespeichert, um den Datenschutz und die Vertraulichkeit dieser Informationen zu gew\u00e4hrleisten.<\/span><\/p>\n<\/li>\n<li>\n<p id=\"tw-target-text\" class=\"tw-data-text tw-text-large tw-ta\" dir=\"ltr\" data-placeholder=\"\u00dcbersetzung\"><span class=\"Y2IQFc\" lang=\"de\">Wenn Sie die von SMPPS auf der Website bereitgestellten Produkte, Dienste, Einrichtungen, Tools oder Dienstprogramme verwenden, erhalten Sie m\u00f6glicherweise eine Zugangsnummer, einen Benutzernamen, ein Passwort und\/oder eine pers\u00f6nliche Identifikationsnummer (PIN). Sie m\u00fcssen Ihren Benutzernamen, Ihre Zugangskarte sowie Ihr Passwort und\/oder Ihre PIN stets geheim halten und sicherstellen, dass Sie sie niemandem mitteilen.<\/span><\/p>\n<\/li>\n<\/ol>\n<h2>Korrektur Pers\u00f6nlicher Informationen<\/h2>\n<ol>\n<li>\n<p id=\"tw-target-text\" class=\"tw-data-text tw-text-large tw-ta\" dir=\"ltr\" data-placeholder=\"\u00dcbersetzung\"><span class=\"Y2IQFc\" lang=\"de\">Sie sind verpflichtet, uns zu benachrichtigen, wenn sich Ihre bei SMPPS gespeicherten personenbezogenen Daten ge\u00e4ndert haben oder nicht mehr g\u00fcltig sind, um sicherzustellen, dass unsere Aufzeichnungen auf dem neuesten Stand sind. Sie k\u00f6nnen uns eine E-Mail senden oder uns anrufen.<\/span><\/p>\n<\/li>\n<li>\n<p id=\"tw-target-text\" class=\"tw-data-text tw-text-large tw-ta\" dir=\"ltr\" data-placeholder=\"\u00dcbersetzung\"><span class=\"Y2IQFc\" lang=\"de\">Bitte beachten Sie, dass wir berechtigt sind, f\u00fcr diesen Service eine gesetzlich zul\u00e4ssige Geb\u00fchr zu erheben, und werden Sie zum Zeitpunkt Ihrer Anfrage dar\u00fcber informieren.<\/span><\/p>\n<\/li>\n<li>\n<p id=\"tw-target-text\" class=\"tw-data-text tw-text-large tw-ta\" dir=\"ltr\" data-placeholder=\"\u00dcbersetzung\"><span class=\"Y2IQFc\" lang=\"de\">Sie haben das Recht, uns aufzufordern, Ihre personenbezogenen Daten zu aktualisieren, zu korrigieren oder zu l\u00f6schen. Wenn wir Ihre personenbezogenen Daten nicht l\u00f6schen k\u00f6nnen, werden wir alle Schritte unternehmen, um sie zu anonymisieren und unkenntlich zu machen. Sie stimmen zu, dass wir Ihre personenbezogenen Daten aufbewahren d\u00fcrfen, bis Sie uns auffordern, sie zu l\u00f6schen oder zu vernichten, oder der erforderliche gesetzliche Zeitrahmen abgelaufen ist. Es sei denn, wir sind gesetzlich verpflichtet, sie aufzubewahren oder zu entsorgen.<\/span><\/p>\n<\/li>\n<\/ol>\n<h2 id=\"tw-target-text\" class=\"tw-data-text tw-text-large tw-ta\" dir=\"ltr\" data-placeholder=\"\u00dcbersetzung\"><span class=\"Y2IQFc\" lang=\"de\">Personenbezogene Daten, die von Ihnen oder SMPPS gehalten oder an Dritte weitergegeben werden<\/span><\/h2>\n<ol>\n<li>\n<p id=\"tw-target-text\" class=\"tw-data-text tw-text-large tw-ta\" dir=\"ltr\" data-placeholder=\"\u00dcbersetzung\"><span class=\"Y2IQFc\" lang=\"de\">Da SMPPS nicht verantwortlich ist f\u00fcr Zusicherungen oder Informationen oder Gew\u00e4hrleistungen oder Inhalte auf Websites Dritter (einschlie\u00dflich Websites Dritter, die mit dieser Website verlinkt sind, Websites, die von uns unterst\u00fctzt werden, oder Websites, die als soziale Netzwerke wie Facebook oder Twitter dienen), \u00fcbt SMPPS nicht aus Kontrolle \u00fcber die Datenschutzrichtlinien dieser Drittanbieter, und Sie sollten die Datenschutzrichtlinien dieser Drittanbieter lesen, um zu erfahren, wie sie Ihre Privatsph\u00e4re sch\u00fctzen.<\/span><\/p>\n<\/li>\n<li>\n<p id=\"tw-target-text\" class=\"tw-data-text tw-text-large tw-ta\" dir=\"ltr\" data-placeholder=\"\u00dcbersetzung\"><span class=\"Y2IQFc\" lang=\"de\">SMPPS kann Vereinbarungen mit seinen Partnern und anderen Drittanbietern eingehen, damit diese Ihnen Dienstleistungen erbringen. Diese Vereinbarungen erfordern m\u00f6glicherweise, dass wir ihnen Ihre personenbezogenen Daten offenlegen:<\/span><\/p>\n<ol>\n<li>Wenn uns ein Dritter nach Ihren personenbezogenen Daten fragt, werden wir diese nur dann an ihn weitergeben, wenn folgendes der Fall ist:\n<ol>\n<li>Sie haben der Weitergabe dieser Informationen an diesen Dritten bereits zugestimmt.<\/li>\n<li>Wir sind gesetzlich oder vertraglich dazu verpflichtet, die Informationen an diesen Dritten weiterzugeben.<\/li>\n<\/ol>\n<\/li>\n<li>\n<p id=\"tw-target-text\" class=\"tw-data-text tw-text-large tw-ta\" dir=\"ltr\" data-placeholder=\"\u00dcbersetzung\"><span class=\"Y2IQFc\" lang=\"de\">Sie stimmen zu, dass Ihre personenbezogenen Daten mit Dritten wie Akademikern und Forschern, einschlie\u00dflich solchen au\u00dferhalb S\u00fcdafrikas, geteilt werden k\u00f6nnen. Wir stellen sicher, dass die Akademiker und Forscher Ihre personenbezogenen Daten vertraulich behandeln und alle Daten so weit wie m\u00f6glich und wo angemessen anonymisiert werden. Es werden keine personenbezogenen Daten an Dritte weitergegeben, es sei denn, diese Drittpartei hat zugestimmt, sich an die strengen Vertraulichkeitsprotokolle zu halten, die wir verlangen. Wenn wir die Ergebnisse dieser Recherche ver\u00f6ffentlichen, werden Sie nicht namentlich identifiziert.<\/span><\/p>\n<\/li>\n<li>\n<p id=\"tw-target-text\" class=\"tw-data-text tw-text-large tw-ta\" dir=\"ltr\" data-placeholder=\"\u00dcbersetzung\"><span class=\"Y2IQFc\" lang=\"de\">Wenn wir Ihre personenbezogenen Daten aus anderen Gr\u00fcnden weitergeben m\u00f6chten, tun wir dies nur mit Ihrer Zustimmung.<\/span><\/p>\n<\/li>\n<\/ol>\n<\/li>\n<li>\n<p id=\"tw-target-text\" class=\"tw-data-text tw-text-large tw-ta\" dir=\"ltr\" data-placeholder=\"\u00dcbersetzung\"><span class=\"Y2IQFc\" lang=\"de\">Wenn wir an einer geplanten oder tats\u00e4chlichen Fusion, einem Erwerb oder einer Form des Verkaufs von Verm\u00f6genswerten beteiligt sind, haben wir das Recht, Ihre personenbezogenen Daten im Zusammenhang mit der Transaktion an Dritte weiterzugeben. Im Falle einer Fusion, \u00dcbernahme oder eines Verkaufs hat das neue Unternehmen Zugriff auf Ihre personenbezogenen Daten. Die Bedingungen der Datenschutzerkl\u00e4rung gelten weiterhin.<\/span><\/p>\n<\/li>\n<\/ol>\n<h2>Cookies, E-Mail Tracking Pixels Und Online Werbung<\/h2>\n<ol>\n<li>\n<p id=\"tw-target-text\" class=\"tw-data-text tw-text-large tw-ta\" dir=\"ltr\" data-placeholder=\"\u00dcbersetzung\"><span class=\"Y2IQFc\" lang=\"de\">SMPPS verwendet Cookies. Wir verwenden das Wort \u201eCookie\u201c, um auf Informationen zu verweisen, die von der Website an Ihre Festplatte gesendet und dort gespeichert werden. Auf diese Weise wei\u00df SMPPS bei Ihrer n\u00e4chsten Nutzung der Website, wer Sie sind und dass Sie die Website bereits zuvor besucht haben. Wir erfassen auch Informationen dar\u00fcber, wie Sie die Website nutzen, Ihre Pr\u00e4ferenzen und Ihren bisherigen Browserverlauf.<\/span><\/p>\n<ol>\n<li>Benutzer-Cookies<\/li>\n<li>Kommentatoren-Cookies<\/li>\n<\/ol>\n<\/li>\n<\/ol>\n<h2>\u00c4nderungen an dieser Datenschutzerkl\u00e4rung<\/h2>\n<ol>\n<li>\n<p id=\"tw-target-text\" class=\"tw-data-text tw-text-large tw-ta\" dir=\"ltr\" data-placeholder=\"\u00dcbersetzung\"><span class=\"Y2IQFc\" lang=\"de\">SMPPS kann diese Datenschutzerkl\u00e4rung jederzeit \u00e4ndern. Wir werden Sie innerhalb einer angemessenen Frist \u00fcber wesentliche \u00c4nderungen informieren, empfehlen Ihnen jedoch, sich regelm\u00e4\u00dfig mit dieser Datenschutzerkl\u00e4rung vertraut zu machen.<\/span><\/p>\n<\/li>\n<li>\n<p id=\"tw-target-text\" class=\"tw-data-text tw-text-large tw-ta\" dir=\"ltr\" data-placeholder=\"\u00dcbersetzung\"><span class=\"Y2IQFc\" lang=\"de\">Die aktuellste Version dieser Datenschutzerkl\u00e4rung regelt die jeweiligen Rechte und Pflichten zwischen Ihnen und SMPPS jedes Mal, wenn Sie auf die Website zugreifen und diese nutzen.<\/span><\/p>\n<ol>\n<li>Welche Gesetze gelten f\u00fcr diese Datenschutzerkl\u00e4rung\n<ol>\n<li>\n<p id=\"tw-target-text\" class=\"tw-data-text tw-text-large tw-ta\" dir=\"ltr\" data-placeholder=\"\u00dcbersetzung\"><span class=\"Y2IQFc\" lang=\"de\">Diese Datenschutzerkl\u00e4rung unterliegt den Gesetzen und Vorschriften der Republik S\u00fcdafrika, und Sie stimmen der Zust\u00e4ndigkeit der s\u00fcdafrikanischen Gerichte in Bezug auf alle Streitigkeiten zu, die sich aus oder im Zusammenhang mit der Erstellung, Auslegung, Inhalt oder Anwendung ergeben k\u00f6nnen dieser Datenschutzerkl\u00e4rung.<\/span><\/p>\n<\/li>\n<\/ol>\n<\/li>\n<\/ol>\n<\/li>\n<\/ol>\n<h2>Verwendung personenbezogener Daten entgegen der Datenschutzerkl\u00e4rung<\/h2>\n<ol>\n<li>\n<p id=\"tw-target-text\" class=\"tw-data-text tw-text-large tw-ta\" dir=\"ltr\" data-placeholder=\"\u00dcbersetzung\"><span class=\"Y2IQFc\" lang=\"de\">Wenn Sie glauben, dass wir Ihre personenbezogenen Daten entgegen dieser Datenschutzerkl\u00e4rung verwendet haben, m\u00fcssen Sie zuerst versuchen, alle Bedenken mit uns zu kl\u00e4ren. Wenn Sie nach diesem Prozess nicht stratifiziert sind, haben Sie das Recht, eine Beschwerde bei der Informationsregulierungsbeh\u00f6rde gem\u00e4\u00df dem Gesetz zum Schutz personenbezogener Daten einzureichen.<\/span><\/p>\n<\/li>\n<li>Die Kontaktdaten lauten:<\/li>\n<\/ol>\n<p>Adresse:<\/p>\n<p>The Information Regulator (South Africa)<br \/>\n33 Hoofd Street<br \/>\nForum III, 3rd Floor Braampark<br \/>\nP.O Box 31533 Braamfontein, Johannesburg, 2017<\/p>\n<p>Telephone Number: +27 (0) 10 023 5207<br \/>\nFax Number: (011) 403-0668<br \/>\nComplaints email: complaints.IR@justice.gov.za<br \/>\nGeneral enquiries email: inforeg@justice.gov.za<\/p>\n","protected":false},"excerpt":{"rendered":"<p>Die allgemeinen Grunds\u00e4tze unserer Datenschutzbestimmung Der Zweck dieser Datenschutzerkl\u00e4rung besteht darin, darzulegen, wie wir Ihre personenbezogenen Daten erfassen, verwenden, weitergeben und anderweitig verarbeiten, wenn Sie diese Website nutzen, sich online f\u00fcr SMPPS-Produkte oder -Dienstleistungen registrieren oder bewerben oder wenn Sie uns elektronisch kontaktieren. Wenn Sie mit uns in Kontakt treten, vertrauen Sie uns personenbezogene Daten<\/p>\n","protected":false},"author":2,"featured_media":0,"parent":0,"menu_order":0,"comment_status":"closed","ping_status":"closed","template":"","meta":{"footnotes":""},"class_list":["post-1269","page","type-page","status-publish","hentry"],"_links":{"self":[{"href":"https:\/\/www.stmartinikindergarten.org.za\/de\/wp-json\/wp\/v2\/pages\/1269","targetHints":{"allow":["GET"]}}],"collection":[{"href":"https:\/\/www.stmartinikindergarten.org.za\/de\/wp-json\/wp\/v2\/pages"}],"about":[{"href":"https:\/\/www.stmartinikindergarten.org.za\/de\/wp-json\/wp\/v2\/types\/page"}],"author":[{"embeddable":true,"href":"https:\/\/www.stmartinikindergarten.org.za\/de\/wp-json\/wp\/v2\/users\/2"}],"replies":[{"embeddable":true,"href":"https:\/\/www.stmartinikindergarten.org.za\/de\/wp-json\/wp\/v2\/comments?post=1269"}],"version-history":[{"count":7,"href":"https:\/\/www.stmartinikindergarten.org.za\/de\/wp-json\/wp\/v2\/pages\/1269\/revisions"}],"predecessor-version":[{"id":1276,"href":"https:\/\/www.stmartinikindergarten.org.za\/de\/wp-json\/wp\/v2\/pages\/1269\/revisions\/1276"}],"wp:attachment":[{"href":"https:\/\/www.stmartinikindergarten.org.za\/de\/wp-json\/wp\/v2\/media?parent=1269"}],"curies":[{"name":"wp","href":"https:\/\/api.w.org\/{rel}","templated":true}]}}